{"id":475,"date":"2018-07-02T12:06:54","date_gmt":"2018-07-02T12:06:54","guid":{"rendered":"https:\/\/www.trovaodorosario.pt\/%e5%9b%bd%e9%99%85%e4%bc%99%e4%bc%b4\/"},"modified":"2020-11-08T16:39:41","modified_gmt":"2020-11-08T16:39:41","slug":"%e5%9b%bd%e9%99%85%e4%bc%99%e4%bc%b4","status":"publish","type":"page","link":"https:\/\/trovaodorosario.pt\/zh-hans\/%e5%9b%bd%e9%99%85%e4%bc%99%e4%bc%b4\/","title":{"rendered":"\u56fd\u9645\u4f19\u4f34"},"content":{"rendered":"\t\t<div data-elementor-type=\"wp-page\" data-elementor-id=\"475\" class=\"elementor elementor-475 elementor-236 elementor-bc-flex-widget\" data-elementor-post-type=\"page\">\n\t\t\t\t\t\t<section class=\"elementor-section elementor-top-section elementor-element elementor-element-6c81865 elementor-section-boxed elementor-section-height-default elementor-section-height-default\" data-id=\"6c81865\" data-element_type=\"section\" data-e-type=\"section\">\n\t\t\t\t\t\t<div class=\"elementor-container elementor-column-gap-default\">\n\t\t\t\t\t<div class=\"elementor-column elementor-col-100 elementor-top-column elementor-element elementor-element-50e74f9\" data-id=\"50e74f9\" data-element_type=\"column\" data-e-type=\"column\">\n\t\t\t<div class=\"elementor-widget-wrap elementor-element-populated\">\n\t\t\t\t\t\t<div class=\"elementor-element elementor-element-f4542bc elementor-widget elementor-widget-text-editor\" data-id=\"f4542bc\" data-element_type=\"widget\" data-e-type=\"widget\" data-widget_type=\"text-editor.default\">\n\t\t\t\t<div class=\"elementor-widget-container\">\n\t\t\t\t\t\t\t\t\t<h2>Espanha<\/h2>\n<p><b>Bufete Belda-Posada &amp; Asociados SLP,<\/b>\u00a0sociedade de Advogados, com sede em Pza.Cortes 4. 7\u00baI. 28001 Madrid e escrit\u00f3rios em C\/ Estrella de Elola, 34 \u2013 1\u00ba A 28341 Valdemoro (Madrid) e em Avenue des Saisons 100-102 (b30) 1050 Bruxelles (B\u00e9lgica)<\/p>\n<h2>Brasil<\/h2>\n<p><b>Carneiro &amp; Oliveira Advogados<\/b>, com sede em Av Jos\u00e9 Silva de Azevedo Neto N200\/BVI\/G236, Barra da Tijuca \u2013 Rio de Janeiro \u2013 RJ CEP 22775056<\/p>\n<p><strong>R. Ribeiro Santos Sociedade de Advogados<\/strong>,\u00a0sociedade de advogados registada na OAB sob n\u00ba 16172, inscrita no CNPJ sob n\u00ba 22.032.823\/0001-31, com sede na \u00a0Av. Paulista n.\u00ba 1636, 2\u00ba andar, Conjunto n.\u00ba 203\/205, Bela Vista, S\u00e3o Paulo.<\/p>\n<p><b>Vinicius de Medeiros<\/b>\u00a0\u2013 Soc. I. de Advocacia, OAB\/RS 8197, com sede na Rua Volunt\u00e1rios da P\u00e1tria 527, sala 34, CEP 90.030-003, Centro, Porto Alegre \u2013 Rio Grande do Sul<\/p>\n<p><strong>Avila Junior Sociedade de Advogados<\/strong>, inscrito no CNPJ sob n\u00famero 28.142.546\/0001-04 devidamente inscrita na OAB\/SC no Livro B-517 \u00e0s folhas 59 e 60, sob o n\u00famero 3648, com sede em\u00a0 Avenida Marcos Konder, 1024 \u2013 Centro Itaja\u00ed Business Office Itaja\u00ed\/SC\u00a0\u2013 Santa Catarina.<\/p>\n<p><strong>Valeria Ribeiro &#8211; Advogados Associados<\/strong>, sociedade de Advogados com o n\u00famero de inscri\u00e7\u00e3o no cadastro nacional da pessoa jur\u00eddica da Rep\u00fablica Federativa do Brasil sob o n. 30.330.205\/0001-04, com sede em\u00a0Avenida Ern\u00e2ni do Amaral Peixoto, n\u00ba 286, salas 705\/706 Centro Niter\u00f3i \u2013 CEP: 24.020-076 \u2013 Niter\u00f3i<\/p>\n<h2>Venezuela<\/h2>\n<p><b>Romaniello, Reyes, Sifontes &amp; Asociados<\/b>, RIF J294523145, sociedade de Advogados com sede em Centro Profiesional Urdaneta, Piso 10, Oficina 10A y 10D, Esquina La Pelota, Avda Urdaneta, Caracas, 1010 \u2013 Venezuela<\/p>\n\t\t\t\t\t\t\t\t<\/div>\n\t\t\t\t<\/div>\n\t\t\t\t\t<\/div>\n\t\t<\/div>\n\t\t\t\t\t<\/div>\n\t\t<\/section>\n\t\t\t\t<\/div>\n\t\t","protected":false},"excerpt":{"rendered":"<p>Espanha Bufete Belda-Posada &amp; Asociados SLP,\u00a0socied &#8230; <a title=\"\u56fd\u9645\u4f19\u4f34\" class=\"read-more\" href=\"https:\/\/trovaodorosario.pt\/zh-hans\/%e5%9b%bd%e9%99%85%e4%bc%99%e4%bc%b4\/\" aria-label=\"More on \u56fd\u9645\u4f19\u4f34\">Ler mais<\/a><\/p>\n","protected":false},"author":1,"featured_media":0,"parent":0,"menu_order":4,"comment_status":"closed","ping_status":"closed","template":"","meta":{"iawp_total_views":6,"footnotes":""},"class_list":["post-475","page","type-page","status-publish"],"_links":{"self":[{"href":"https:\/\/trovaodorosario.pt\/zh-hans\/wp-json\/wp\/v2\/pages\/475","targetHints":{"allow":["GET"]}}],"collection":[{"href":"https:\/\/trovaodorosario.pt\/zh-hans\/wp-json\/wp\/v2\/pages"}],"about":[{"href":"https:\/\/trovaodorosario.pt\/zh-hans\/wp-json\/wp\/v2\/types\/page"}],"author":[{"embeddable":true,"href":"https:\/\/trovaodorosario.pt\/zh-hans\/wp-json\/wp\/v2\/users\/1"}],"replies":[{"embeddable":true,"href":"https:\/\/trovaodorosario.pt\/zh-hans\/wp-json\/wp\/v2\/comments?post=475"}],"version-history":[{"count":0,"href":"https:\/\/trovaodorosario.pt\/zh-hans\/wp-json\/wp\/v2\/pages\/475\/revisions"}],"wp:attachment":[{"href":"https:\/\/trovaodorosario.pt\/zh-hans\/wp-json\/wp\/v2\/media?parent=475"}],"curies":[{"name":"wp","href":"https:\/\/api.w.org\/{rel}","templated":true}]}}