{"id":125,"date":"2018-06-14T14:38:33","date_gmt":"2018-06-14T14:38:33","guid":{"rendered":"http:\/\/www.trovaodorosario.pt\/trovao-do-rosario\/"},"modified":"2023-01-10T23:43:07","modified_gmt":"2023-01-10T23:43:07","slug":"trovao-do-rosario","status":"publish","type":"page","link":"https:\/\/trovaodorosario.pt\/fr\/","title":{"rendered":"Trov\u00e3o do Ros\u00e1rio"},"content":{"rendered":"\t\t<div data-elementor-type=\"wp-page\" data-elementor-id=\"125\" class=\"elementor elementor-125 elementor-5\" data-elementor-post-type=\"page\">\n\t\t\t\t\t\t<section class=\"elementor-section elementor-top-section elementor-element elementor-element-d1f3a4e elementor-section-height-min-height elementor-section-content-middle elementor-section-boxed elementor-section-height-default elementor-section-items-middle\" data-id=\"d1f3a4e\" data-element_type=\"section\" data-e-type=\"section\" data-settings=\"{&quot;background_background&quot;:&quot;classic&quot;}\">\n\t\t\t\t\t\t<div class=\"elementor-container elementor-column-gap-default\">\n\t\t\t\t\t<div class=\"elementor-column elementor-col-100 elementor-top-column elementor-element elementor-element-baf5be5\" data-id=\"baf5be5\" data-element_type=\"column\" data-e-type=\"column\">\n\t\t\t<div class=\"elementor-widget-wrap elementor-element-populated\">\n\t\t\t\t\t\t<div class=\"elementor-element elementor-element-61c8c83 elementor-widget elementor-widget-image\" data-id=\"61c8c83\" data-element_type=\"widget\" data-e-type=\"widget\" data-widget_type=\"image.default\">\n\t\t\t\t<div class=\"elementor-widget-container\">\n\t\t\t\t\t\t\t\t\t\t\t\t\t\t\t<img loading=\"lazy\" decoding=\"async\" width=\"112\" height=\"113\" src=\"https:\/\/trovaodorosario.pt\/wp-content\/uploads\/logo-trovao-rosario-dvogados.png\" class=\"attachment-medium size-medium wp-image-278\" alt=\"Trov\u00e3o do Ros\u00e1rio &amp; Associados\" \/>\t\t\t\t\t\t\t\t\t\t\t\t\t\t\t<\/div>\n\t\t\t\t<\/div>\n\t\t\t\t<div class=\"elementor-element elementor-element-48ffe24 elementor-widget elementor-widget-heading\" data-id=\"48ffe24\" data-element_type=\"widget\" data-e-type=\"widget\" data-widget_type=\"heading.default\">\n\t\t\t\t<div class=\"elementor-widget-container\">\n\t\t\t\t\t<h1 class=\"elementor-heading-title elementor-size-default\">TROV\u00c3O DO ROS\u00c1RIO &amp; ASSOCI\u00c9S<\/h1>\t\t\t\t<\/div>\n\t\t\t\t<\/div>\n\t\t\t\t<div class=\"elementor-element elementor-element-7d8315f elementor-widget elementor-widget-heading\" data-id=\"7d8315f\" data-element_type=\"widget\" data-e-type=\"widget\" data-widget_type=\"heading.default\">\n\t\t\t\t<div class=\"elementor-widget-container\">\n\t\t\t\t\t<h2 class=\"elementor-heading-title elementor-size-default\">Cabinet d'Avocats, SP, RL<\/h2>\t\t\t\t<\/div>\n\t\t\t\t<\/div>\n\t\t\t\t<div class=\"elementor-element elementor-element-e79e162 elementor-widget elementor-widget-text-editor\" data-id=\"e79e162\" data-element_type=\"widget\" data-e-type=\"widget\" data-widget_type=\"text-editor.default\">\n\t\t\t\t<div class=\"elementor-widget-container\">\n\t\t\t\t\t\t\t\t\t<p>Cabinet d&rsquo;Avocats compos\u00e9 de plus de 25 ans d&rsquo;exp\u00e9rience ou r\u00e9cemment arriv\u00e9 dans la profession. Int\u00e8gre des avocats, des doctorats et des professeurs d&rsquo;universit\u00e9.<br \/>\nIl a des partenariats avec d&rsquo;autres cabinets d&rsquo;avocats portugais et \u00e9trangers, notamment en Espagne, Brasil, France et Venezuela.<\/p>\n\t\t\t\t\t\t\t\t<\/div>\n\t\t\t\t<\/div>\n\t\t\t\t\t<\/div>\n\t\t<\/div>\n\t\t\t\t\t<\/div>\n\t\t<\/section>\n\t\t\t\t<\/div>\n\t\t","protected":false},"excerpt":{"rendered":"<p>TROV\u00c3O DO ROS\u00c1RIO &#038; ASSOCI\u00c9S Cabinet d&rsquo;Avocats, SP, RL Cabinet d&rsquo;Avocats compos\u00e9 de plus de 25 ans d&rsquo;exp\u00e9rience ou r\u00e9cemment arriv\u00e9 dans la profession. Int\u00e8gre des avocats, des doctorats et des professeurs d&rsquo;universit\u00e9. Il a des partenariats avec d&rsquo;autres cabinets d&rsquo;avocats portugais et \u00e9trangers, notamment en Espagne, Brasil, France et Venezuela.<\/p>\n","protected":false},"author":1,"featured_media":0,"parent":0,"menu_order":1,"comment_status":"closed","ping_status":"closed","template":"","meta":{"iawp_total_views":6,"footnotes":""},"class_list":["post-125","page","type-page","status-publish"],"_links":{"self":[{"href":"https:\/\/trovaodorosario.pt\/fr\/wp-json\/wp\/v2\/pages\/125","targetHints":{"allow":["GET"]}}],"collection":[{"href":"https:\/\/trovaodorosario.pt\/fr\/wp-json\/wp\/v2\/pages"}],"about":[{"href":"https:\/\/trovaodorosario.pt\/fr\/wp-json\/wp\/v2\/types\/page"}],"author":[{"embeddable":true,"href":"https:\/\/trovaodorosario.pt\/fr\/wp-json\/wp\/v2\/users\/1"}],"replies":[{"embeddable":true,"href":"https:\/\/trovaodorosario.pt\/fr\/wp-json\/wp\/v2\/comments?post=125"}],"version-history":[{"count":0,"href":"https:\/\/trovaodorosario.pt\/fr\/wp-json\/wp\/v2\/pages\/125\/revisions"}],"wp:attachment":[{"href":"https:\/\/trovaodorosario.pt\/fr\/wp-json\/wp\/v2\/media?parent=125"}],"curies":[{"name":"wp","href":"https:\/\/api.w.org\/{rel}","templated":true}]}}