{"id":165,"date":"2018-06-14T15:32:13","date_gmt":"2018-06-14T15:32:13","guid":{"rendered":"http:\/\/www.trovaodorosario.pt\/useful-links\/"},"modified":"2020-11-08T16:40:49","modified_gmt":"2020-11-08T16:40:49","slug":"useful-links","status":"publish","type":"page","link":"https:\/\/trovaodorosario.pt\/en\/useful-links\/","title":{"rendered":"Useful links"},"content":{"rendered":"\t\t<div data-elementor-type=\"wp-page\" data-elementor-id=\"165\" class=\"elementor elementor-165 elementor-11 elementor-bc-flex-widget\" data-elementor-post-type=\"page\">\n\t\t\t\t\t\t<section class=\"elementor-section elementor-top-section elementor-element elementor-element-a5b3283 elementor-section-boxed elementor-section-height-default elementor-section-height-default\" data-id=\"a5b3283\" data-element_type=\"section\" data-e-type=\"section\">\n\t\t\t\t\t\t<div class=\"elementor-container elementor-column-gap-no\">\n\t\t\t\t\t<div class=\"elementor-column elementor-col-50 elementor-top-column elementor-element elementor-element-24f1e6e\" data-id=\"24f1e6e\" data-element_type=\"column\" data-e-type=\"column\">\n\t\t\t<div class=\"elementor-widget-wrap elementor-element-populated\">\n\t\t\t\t\t\t<div class=\"elementor-element elementor-element-92ded9f elementor-widget elementor-widget-text-editor\" data-id=\"92ded9f\" data-element_type=\"widget\" data-e-type=\"widget\" data-widget_type=\"text-editor.default\">\n\t\t\t\t<div class=\"elementor-widget-container\">\n\t\t\t\t\t\t\t\t\t<p><a href=\"http:\/\/www.dgsi.pt\/\" target=\"_blank\" rel=\"noopener\">Instituto das Tecnologias de Informa\u00e7\u00e3o na Justi\u00e7a &#8211; Bases Juridico-Documentais (Minist\u00e9rio da Justi\u00e7a)<\/a><\/p>\n<p><a href=\"http:\/\/www.oa.pt\/\" target=\"_blank\" rel=\"noopener\">Ordem dos Advogados<\/a><\/p>\n<p><a href=\"http:\/\/www.dre.pt\/\" target=\"_blank\" rel=\"noopener\">Di\u00e1rio da Rep\u00fablica<\/a><\/p>\n<p><a href=\"http:\/\/www.incm.pt\/site\/home.html\" target=\"_blank\" rel=\"noopener\">Imprensa Nacional Casa da Moeda<\/a><\/p>\n<p><a href=\"http:\/\/www.bnportugal.pt\/\" target=\"_blank\" rel=\"noopener\">Biblioteca Nacional de Portugal<\/a><\/p>\n<p><a href=\"http:\/\/sisgerar.parlamento.pt\/sitebib\/site\/homepage.htm\" target=\"_blank\" rel=\"noopener\">Biblioteca Assembleia da Rep\u00fablica<\/a><\/p>\n<p><a href=\"http:\/\/www.dgsi.pt\/bcej.nsf?OpenDatabase\" target=\"_blank\" rel=\"noopener\">Biblioteca do Centro de Estudos Judici\u00e1rios<\/a><\/p>\n<p><a href=\"http:\/\/www.oa.pt\/cd\/Conteudos\/Artigos\/detalhe_artigo.aspx?sidc=58102&amp;idc=58473&amp;ida=58724\" target=\"_blank\" rel=\"noopener\">Biblioteca da Ordem dos Advogados<\/a><\/p>\n<p><a href=\"http:\/\/www.dgsi.pt\/bpgr\/bpgr.nsf?OpenDatabase\" target=\"_blank\" rel=\"noopener\">Biblioteca da Procuradoria Geral da Rep\u00fablica<\/a><\/p>\n<p><a href=\"http:\/\/www.stj.pt\/?idm=58\" target=\"_blank\" rel=\"noopener\">Biblioteca do Supremo Tribunal de Justi\u00e7a<\/a><\/p>\n<p><a href=\"http:\/\/www.tribunalconstitucional.pt\/tc\/biblioteca02.html\" target=\"_blank\" rel=\"noopener\">Biblioteca do Tribunal Constitucional<\/a><\/p>\n<p><a href=\"http:\/\/siddamb.apambiente.pt\/\" target=\"_blank\" rel=\"noopener\">Ag\u00eancia Portuguesa do Ambiente<\/a><\/p>\n<p><a href=\"http:\/\/www.presidencia.pt\/\" target=\"_blank\" rel=\"noopener\">Presid\u00eancia da Rep\u00fablica<\/a><\/p>\n<p><a href=\"http:\/\/www.parlamento.pt\/Paginas\/default.aspx\" target=\"_blank\" rel=\"noopener\">Assembleia da Rep\u00fablica<\/a><\/p>\n<p><a href=\"http:\/\/www.portugal.gov.pt\/pt\/GC18\/Pages\/Inicio.aspx\" target=\"_blank\" rel=\"noopener\">Portal do Governo da Rep\u00fablica<\/a><\/p>\n<p><a href=\"http:\/\/www.uc.pt\/fduc\/biblioteca\/\" target=\"_blank\" rel=\"noopener\">Biblioteca da Faculdade de Direito da Universidade de Coimbra<\/a><\/p>\n<p><a href=\"http:\/\/www.fd.ul.pt\/Biblioteca.aspx\" target=\"_blank\" rel=\"noopener\">Biblioteca da Faculdade de Direito da Universidade de Lisboa<\/a><\/p>\n<p><a href=\"http:\/\/biblioteca.fd.unl.pt\/web\/\" target=\"_blank\" rel=\"noopener\">Biblioteca da Faculdade de Direito da Universidade Nova de Lisboa<\/a><\/p>\n<p><a href=\"http:\/\/www.sdum.uminho.pt\/Default.aspx?tabid=4&amp;pageid=13&amp;lang=pt-PT\" target=\"_blank\" rel=\"noopener\">Biblioteca da Universidade do Minho<\/a><\/p>\n<p><a href=\"http:\/\/www.ucp.pt\/site\/custom\/template\/ucptplfachome.asp?sspageid=3217&amp;lang=1\" target=\"_blank\" rel=\"noopener\">Biblioteca da Universidade Cat\u00f3lica Portuguesa<\/a><\/p>\n<p><a href=\"http:\/\/biblio.ual.pt\/bibliopac.htm\" target=\"_blank\" rel=\"noopener\">Biblioteca da Universidade Aut\u00f3noma de Lisboa<\/a><\/p>\n<p><a href=\"http:\/\/www.mj.gov.pt\/sections\/documentos-e-publicacoes\/base-de-dados-juridica\" target=\"_blank\" rel=\"noopener\">Portal da Justi\u00e7a<\/a><\/p>\n<p><a href=\"https:\/\/e-justice.europa.eu\/home.do?action=home&amp;lang=pt&amp;sufix=18\" target=\"_blank\" rel=\"noopener\">Portal Europeu da Justi\u00e7a<\/a><\/p>\n<p><a href=\"http:\/\/bdjur.almedina.net\/\" target=\"_blank\" rel=\"noopener\">Base de dados Jur\u00eddica Almedina<\/a><\/p>\n<p><a href=\"http:\/\/www.irn.mj.pt\/IRN\/sections\/inicio\" target=\"_blank\" rel=\"noopener\">Instituto dos Registos e do Notariado<\/a><\/p>\n<p><a href=\"http:\/\/www.portaldocidadao.pt\/PORTAL\/pt\/certidoes_online\" target=\"_blank\" rel=\"noopener\">Portal do Cidad\u00e3o<\/a><\/p>\n<p><a href=\"http:\/\/www.citius.mj.pt\/Portal\/consultas\/ConsultasDistribuicao.aspx\" target=\"_blank\" rel=\"noopener\">Pautas P\u00fablicas de Distribui\u00e7\u00e3o<\/a><\/p>\n\t\t\t\t\t\t\t\t<\/div>\n\t\t\t\t<\/div>\n\t\t\t\t\t<\/div>\n\t\t<\/div>\n\t\t\t\t<div class=\"elementor-column elementor-col-50 elementor-top-column elementor-element elementor-element-6f8cc24\" data-id=\"6f8cc24\" data-element_type=\"column\" data-e-type=\"column\">\n\t\t\t<div class=\"elementor-widget-wrap elementor-element-populated\">\n\t\t\t\t\t\t<div class=\"elementor-element elementor-element-2bbdfb9 elementor-widget elementor-widget-text-editor\" data-id=\"2bbdfb9\" data-element_type=\"widget\" data-e-type=\"widget\" data-widget_type=\"text-editor.default\">\n\t\t\t\t<div class=\"elementor-widget-container\">\n\t\t\t\t\t\t\t\t\t<p><a href=\"http:\/\/www.portugal.gov.pt\/pt\/GC18\/Pages\/Inicio.aspx\" target=\"_blank\" rel=\"noopener\">Portal do Governo da Rep\u00fablica<\/a><\/p>\n<p><a href=\"http:\/\/www.uc.pt\/fduc\/biblioteca\/\" target=\"_blank\" rel=\"noopener\">Biblioteca da Faculdade de Direito da Universidade de Coimbra<\/a><\/p>\n<p><a href=\"http:\/\/www.fd.ul.pt\/Biblioteca.aspx\" target=\"_blank\" rel=\"noopener\">Biblioteca da Faculdade de Direito da Universidade de Lisboa<\/a><\/p>\n<p><a href=\"http:\/\/biblioteca.fd.unl.pt\/web\/\" target=\"_blank\" rel=\"noopener\">Biblioteca da Faculdade de Direito da Universidade Nova de Lisboa<\/a><\/p>\n<p><a href=\"http:\/\/www.sdum.uminho.pt\/Default.aspx?tabid=4&amp;pageid=13&amp;lang=pt-PT\" target=\"_blank\" rel=\"noopener\">Biblioteca da Universidade do Minho<\/a><\/p>\n<p><a href=\"http:\/\/www.ucp.pt\/site\/custom\/template\/ucptplfachome.asp?sspageid=3217&amp;lang=1\" target=\"_blank\" rel=\"noopener\">Biblioteca da Universidade Cat\u00f3lica Portuguesa<\/a><\/p>\n<p><a href=\"http:\/\/biblio.ual.pt\/bibliopac.htm\" target=\"_blank\" rel=\"noopener\">Biblioteca da Universidade Aut\u00f3noma de Lisboa<\/a><\/p>\n<p><a href=\"http:\/\/www.mj.gov.pt\/sections\/documentos-e-publicacoes\/base-de-dados-juridica\" target=\"_blank\" rel=\"noopener\">Portal da Justi\u00e7a<\/a><\/p>\n<p><a href=\"https:\/\/e-justice.europa.eu\/home.do?action=home&amp;lang=pt&amp;sufix=18\" target=\"_blank\" rel=\"noopener\">Portal Europeu da Justi\u00e7a<\/a><\/p>\n<p><a href=\"http:\/\/bdjur.almedina.net\/\" target=\"_blank\" rel=\"noopener\">Base de dados Jur\u00eddica Almedina<\/a><\/p>\n<p><a href=\"http:\/\/www.irn.mj.pt\/IRN\/sections\/inicio\" target=\"_blank\" rel=\"noopener\">Instituto dos Registos e do Notariado<\/a><\/p>\n<p><a href=\"http:\/\/www.portaldocidadao.pt\/PORTAL\/pt\/certidoes_online\" target=\"_blank\" rel=\"noopener\">Portal do Cidad\u00e3o<\/a><\/p>\n<p><a href=\"http:\/\/www.citius.mj.pt\/Portal\/consultas\/ConsultasDistribuicao.aspx\" target=\"_blank\" rel=\"noopener\">Pautas P\u00fablicas de Distribui\u00e7\u00e3o<\/a><\/p>\n\t\t\t\t\t\t\t\t<\/div>\n\t\t\t\t<\/div>\n\t\t\t\t\t<\/div>\n\t\t<\/div>\n\t\t\t\t\t<\/div>\n\t\t<\/section>\n\t\t\t\t<\/div>\n\t\t","protected":false},"excerpt":{"rendered":"<p>Instituto das Tecnologias de Informa\u00e7\u00e3o na Justi\u00e7a &#8211; Bases Juridico-Documentais (Minist\u00e9rio da Justi\u00e7a) Ordem dos Advogados Di\u00e1rio da Rep\u00fablica Imprensa Nacional Casa da Moeda Biblioteca Nacional de Portugal Biblioteca Assembleia da Rep\u00fablica Biblioteca do Centro de Estudos Judici\u00e1rios Biblioteca da Ordem dos Advogados Biblioteca da Procuradoria Geral da Rep\u00fablica Biblioteca do Supremo Tribunal de Justi\u00e7a &#8230; <a title=\"Useful links\" class=\"read-more\" href=\"https:\/\/trovaodorosario.pt\/en\/useful-links\/\" aria-label=\"More on Useful links\">Ler mais<\/a><\/p>\n","protected":false},"author":1,"featured_media":0,"parent":0,"menu_order":5,"comment_status":"closed","ping_status":"closed","template":"","meta":{"iawp_total_views":2,"footnotes":""},"class_list":["post-165","page","type-page","status-publish"],"_links":{"self":[{"href":"https:\/\/trovaodorosario.pt\/en\/wp-json\/wp\/v2\/pages\/165","targetHints":{"allow":["GET"]}}],"collection":[{"href":"https:\/\/trovaodorosario.pt\/en\/wp-json\/wp\/v2\/pages"}],"about":[{"href":"https:\/\/trovaodorosario.pt\/en\/wp-json\/wp\/v2\/types\/page"}],"author":[{"embeddable":true,"href":"https:\/\/trovaodorosario.pt\/en\/wp-json\/wp\/v2\/users\/1"}],"replies":[{"embeddable":true,"href":"https:\/\/trovaodorosario.pt\/en\/wp-json\/wp\/v2\/comments?post=165"}],"version-history":[{"count":0,"href":"https:\/\/trovaodorosario.pt\/en\/wp-json\/wp\/v2\/pages\/165\/revisions"}],"wp:attachment":[{"href":"https:\/\/trovaodorosario.pt\/en\/wp-json\/wp\/v2\/media?parent=165"}],"curies":[{"name":"wp","href":"https:\/\/api.w.org\/{rel}","templated":true}]}}